{"id":5875,"date":"2026-05-05T15:33:53","date_gmt":"2026-05-05T15:33:53","guid":{"rendered":"https:\/\/esprit-cycles.com\/cogolin\/?post_type=product&#038;p=5875"},"modified":"2026-05-05T15:37:17","modified_gmt":"2026-05-05T15:37:17","slug":"mondraker-zendit-rr","status":"publish","type":"product","link":"https:\/\/esprit-cycles.com\/cogolin\/product\/mondraker-zendit-rr\/","title":{"rendered":"MONDRAKER \/ ZENDIT RR"},"content":{"rendered":"<div class=\"col-sm-12\">\n<h2 class=\"title landing-subheader__title\">ZENDIT, C\u2019EST LA PERFORMANCE \u00c0 L\u2019\u00c9TAT PUR.<\/h2>\n<\/div>\n<div class=\"col-sm-12\">\n<p class=\"text landing-subheader__text\">Con\u00e7u pour une pratique engag\u00e9e sur les mont\u00e9es les plus exigeantes comme sur les descentes les plus techniques, le ZENDIT est le fruit de plus de 11 ans de d\u00e9veloppement en e-MTB, combin\u00e9s \u00e0 l\u2019expertise sans compromis du Mondraker Factory Racing.<\/p>\n<p>Le ZENDIT est con\u00e7u pour ceux qui voient la montagne comme un d\u00e9fi, comme un terrain o\u00f9 repousser leurs limites. Un v\u00e9lo avec du caract\u00e8re, de l\u2019\u00e9nergie et une r\u00e9ponse presque instinctive \u00e0 chaque variation du terrain. Lorsque la pente se redresse, que le rythme s\u2019acc\u00e9l\u00e8re et que le terrain devient impr\u00e9visible, tout s\u2019aligne. \u00c7a coule. \u00c7a acc\u00e9l\u00e8re. \u00c7a se lib\u00e8re.<\/p>\n<p>Libre, puissant et difficile \u00e0 contenir, il transforme chaque sortie en une exp\u00e9rience plus intense. Parce qu\u2019il ne s\u2019agit pas seulement d\u2019aller plus loin, mais de le faire avec la confiance et la d\u00e9termination de celui qui sait qu\u2019il garde le contr\u00f4le, m\u00eame lorsque tout exige le meilleur de lui.<\/p>\n<\/div>\n","protected":false},"excerpt":{"rendered":"<p>ZENDIT, C\u2019EST LA PERFORMANCE \u00c0 L\u2019\u00c9TAT PUR. Con\u00e7u pour une pratique engag\u00e9e sur les mont\u00e9es les plus exigeantes comme sur les descentes les plus techniques, le ZENDIT est le fruit de plus de 11 ans de d\u00e9veloppement en e-MTB, combin\u00e9s \u00e0 l\u2019expertise sans compromis du Mondraker Factory Racing. Le ZENDIT est con\u00e7u pour ceux qui [&hellip;]<\/p>\n","protected":false},"featured_media":5876,"template":"","meta":{"inline_featured_image":false},"product_cat":[34],"product_tag":[],"_links":{"self":[{"href":"https:\/\/esprit-cycles.com\/cogolin\/wp-json\/wp\/v2\/product\/5875"}],"collection":[{"href":"https:\/\/esprit-cycles.com\/cogolin\/wp-json\/wp\/v2\/product"}],"about":[{"href":"https:\/\/esprit-cycles.com\/cogolin\/wp-json\/wp\/v2\/types\/product"}],"wp:featuredmedia":[{"embeddable":true,"href":"https:\/\/esprit-cycles.com\/cogolin\/wp-json\/wp\/v2\/media\/5876"}],"wp:attachment":[{"href":"https:\/\/esprit-cycles.com\/cogolin\/wp-json\/wp\/v2\/media?parent=5875"}],"wp:term":[{"taxonomy":"product_cat","embeddable":true,"href":"https:\/\/esprit-cycles.com\/cogolin\/wp-json\/wp\/v2\/product_cat?post=5875"},{"taxonomy":"product_tag","embeddable":true,"href":"https:\/\/esprit-cycles.com\/cogolin\/wp-json\/wp\/v2\/product_tag?post=5875"}],"curies":[{"name":"wp","href":"https:\/\/api.w.org\/{rel}","templated":true}]}}