{"id":5842,"date":"2026-01-23T15:06:03","date_gmt":"2026-01-23T15:06:03","guid":{"rendered":"https:\/\/esprit-cycles.com\/cogolin\/?post_type=product&#038;p=5842"},"modified":"2026-01-23T15:07:34","modified_gmt":"2026-01-23T15:07:34","slug":"cube-acid-20","status":"publish","type":"product","link":"https:\/\/esprit-cycles.com\/cogolin\/product\/cube-acid-20\/","title":{"rendered":"CUBE \/ ACID 20"},"content":{"rendered":"<div class=\"product-top-section bg-white\">\n<div class=\"container container--product\">\n<div class=\"row flex-lg-row-reverse flex-column-reverse\">\n<div class=\"col-lg-8 product-top-left\">\n<div id=\"_desktop_accordions\" class=\"d-none d-lg-block\">\n<div id=\"product_accordions\" class=\"product-accordions container--product\">\n<div class=\"collpase-custom border-bottom border-medium\">\n<div id=\"resume\" class=\"collpase-custom__content pt-3 collapse show\" data-parent=\"#product_accordions\">Avec l\u2019Acid 200 Disc, votre enfant peut d\u00e9sormais avoir un VTT comme celui de papa et maman. Avec ses puissants feins \u00e0 disque hydrauliques \u00e0 l\u2019avant et \u00e0 l\u2019arri\u00e8re, et sa transmission Shimano 7 vitesses des plus fluides, il poss\u00e8de tout ce qu\u2019un jeune cycliste ambitieux peut souhaiter. Il est \u00e9quip\u00e9 d\u2019un large pignon de 34 dents permettant de venir en aide aux petites jambes fatigu\u00e9es lors des longues sorties ou des ascensions, et le pilotage a \u00e9t\u00e9 con\u00e7u pour \u00eatre ludique mais s\u00e9curis\u00e9: parfait pour les jeunes acrobates d\u00e9sireux d\u2019\u00e9largir leurs horizons cyclistes. L\u2019aventure vous tend les bras!<\/div>\n<\/div>\n<\/div>\n<\/div>\n<\/div>\n<\/div>\n<\/div>\n<\/div>\n<div id=\"product-iframe\" class=\"product-iframe bg-white pb-4 pb-lg-5\">\n<div class=\"bg-dark text-white py-4 py-lg-5\">\n<div class=\"col-lg-9 col-xxxl-6 text-center mx-auto\"><\/div>\n<\/div>\n<\/div>\n","protected":false},"excerpt":{"rendered":"<p>Avec l\u2019Acid 200 Disc, votre enfant peut d\u00e9sormais avoir un VTT comme celui de papa et maman. Avec ses puissants feins \u00e0 disque hydrauliques \u00e0 l\u2019avant et \u00e0 l\u2019arri\u00e8re, et sa transmission Shimano 7 vitesses des plus fluides, il poss\u00e8de tout ce qu\u2019un jeune cycliste ambitieux peut souhaiter. Il est \u00e9quip\u00e9 d\u2019un large pignon de [&hellip;]<\/p>\n","protected":false},"featured_media":5843,"template":"","meta":{"inline_featured_image":false},"product_cat":[34],"product_tag":[],"_links":{"self":[{"href":"https:\/\/esprit-cycles.com\/cogolin\/wp-json\/wp\/v2\/product\/5842"}],"collection":[{"href":"https:\/\/esprit-cycles.com\/cogolin\/wp-json\/wp\/v2\/product"}],"about":[{"href":"https:\/\/esprit-cycles.com\/cogolin\/wp-json\/wp\/v2\/types\/product"}],"wp:featuredmedia":[{"embeddable":true,"href":"https:\/\/esprit-cycles.com\/cogolin\/wp-json\/wp\/v2\/media\/5843"}],"wp:attachment":[{"href":"https:\/\/esprit-cycles.com\/cogolin\/wp-json\/wp\/v2\/media?parent=5842"}],"wp:term":[{"taxonomy":"product_cat","embeddable":true,"href":"https:\/\/esprit-cycles.com\/cogolin\/wp-json\/wp\/v2\/product_cat?post=5842"},{"taxonomy":"product_tag","embeddable":true,"href":"https:\/\/esprit-cycles.com\/cogolin\/wp-json\/wp\/v2\/product_tag?post=5842"}],"curies":[{"name":"wp","href":"https:\/\/api.w.org\/{rel}","templated":true}]}}