{"id":5840,"date":"2026-01-23T14:58:34","date_gmt":"2026-01-23T14:58:34","guid":{"rendered":"https:\/\/esprit-cycles.com\/cogolin\/?post_type=product&#038;p=5840"},"modified":"2026-01-23T15:04:39","modified_gmt":"2026-01-23T15:04:39","slug":"cube-nuroad-c62-pro","status":"publish","type":"product","link":"https:\/\/esprit-cycles.com\/cogolin\/product\/cube-nuroad-c62-pro\/","title":{"rendered":"CUBE \/ NUROAD C:62 PRO"},"content":{"rendered":"<div class=\"ProductSection__Section-sc-1efce97-0 iCNkot\">\n<div class=\"UContainer__StyledContainer-sc-63nakj-0 jkDzrc\">\n<div class=\"ProductDescription__Wrapper-sc-1wp2fwt-0 lgyDNF OProductFull__StyledProductDescription-sc-191gjdf-10 cOHDsL\" data-gtm-vis-first-on-screen-10021758_195=\"11492\" data-gtm-vis-total-visible-time-10021758_195=\"100\" data-gtm-vis-has-fired-10021758_195=\"1\">\n<div class=\"UReadMoreContent__Content-sc-ylbwqr-0 dkxfbW\">\n<div class=\"ProductSection__Section-sc-1efce97-0 iCNkot\">\n<div class=\"UContainer__StyledContainer-sc-63nakj-0 jkDzrc\">\n<div class=\"ProductDescription__Wrapper-sc-1wp2fwt-0 lgyDNF OProductFull__StyledProductDescription-sc-191gjdf-10 cOHDsL\" data-gtm-vis-recent-on-screen-10021758_195=\"3939\" data-gtm-vis-first-on-screen-10021758_195=\"3939\" data-gtm-vis-total-visible-time-10021758_195=\"100\" data-gtm-vis-has-fired-10021758_195=\"1\">\n<div class=\"UReadMoreContent__Content-sc-ylbwqr-0 dkxfbW\">\n<div class=\"OProductFull__ProductDescriptionWrapper-sc-191gjdf-10 ecVyyq\">\n<div class=\"UContainer__StyledContainer-sc-63nakj-0 cShsgY\">\n<div class=\"ProductDescription__Wrapper-sc-1wp2fwt-0 kukdBR\" data-gtm-vis-recent-on-screen10021758_195=\"75230\" data-gtm-vis-first-on-screen10021758_195=\"75230\" data-gtm-vis-total-visible-time10021758_195=\"100\" data-gtm-vis-has-fired10021758_195=\"1\">\n<div class=\"UReadMoreContent__Content-sc-ylbwqr-0 btfoVN\">\n<div class=\"product-top-section bg-white\">\n<div class=\"container container--product\">\n<div class=\"row flex-lg-row-reverse flex-column-reverse\">\n<div class=\"col-lg-8 product-top-left\">\n<div id=\"_desktop_accordions\" class=\"d-none d-lg-block\">\n<div id=\"product_accordions\" class=\"product-accordions container--product\">\n<div class=\"collpase-custom border-bottom border-medium\">\n<div id=\"resume\" class=\"collpase-custom__content pt-3 collapse show\" data-parent=\"#product_accordions\">Le Nuroad C:62 Pro combine le confort et la l\u00e9g\u00e8ret\u00e9 d\u2019un cadre carbone taill\u00e9 pour le gravier avec groupe Shimano GRX 2&#215;12 vitesses sp\u00e9cial gravier, il a tout ce dont vous avez besoin pour \u00e9largir vos horizons cyclistes avec une vaste gamme d&rsquo;engrenages rapproch\u00e9s. Les roues Newmen Advanced G.34 Carbon sont id\u00e9ales pour accueillir une paire de pneus Schwalbe G-One R Pro de 45 mm, avec de l&rsquo;espace pour 50 mm si n\u00e9cessaire. Ajoutez \u00e0 cela la puissance de freins \u00e0 disque hydrauliques \u00e0 2 pistons Shimano GRX, le confort d\u2019une fourche tout en carbone C:62\u00ae, et vous n\u2019avez plus aucune excuse. Quelle sera votre prochaine destination ce weekend?<\/div>\n<\/div>\n<\/div>\n<\/div>\n<\/div>\n<\/div>\n<\/div>\n<\/div>\n<div id=\"product-iframe\" class=\"product-iframe bg-white pb-4 pb-lg-5\">\n<div class=\"bg-dark text-white py-4 py-lg-5\">\n<div class=\"col-lg-9 col-xxxl-6 text-center mx-auto\"><\/div>\n<\/div>\n<\/div>\n<\/div>\n<\/div>\n<\/div>\n<\/div>\n<div class=\"ProductSection__Section-sc-1efce97-0 tYgKx\">\n<div class=\"UContainer__StyledContainer-sc-63nakj-0 cShsgY\"><\/div>\n<\/div>\n<\/div>\n<\/div>\n<\/div>\n<\/div>\n<div class=\"ProductSection__Section-sc-1efce97-0 iCNkot\">\n<div class=\"UContainer__StyledContainer-sc-63nakj-0 jkDzrc\">\n<div class=\"OProductFull__StoryblokRendererWrapper-sc-191gjdf-15 cohEBp\"><\/div>\n<\/div>\n<\/div>\n<div class=\"ProductSection__Section-sc-1efce97-0 iCNkot\">\n<div class=\"UContainer__StyledContainer-sc-63nakj-0 jkDzrc\">\n<div id=\"pdp-attribute\" class=\"UOffCanvasPanel__StyledRoot-sc-138g2ds-7 hZKysd\" role=\"tooltip\"><\/div>\n<\/div>\n<\/div>\n<\/div>\n<\/div>\n<\/div>\n<\/div>\n<div class=\"ProductSection__Section-sc-1efce97-0 iCNkot\">\n<div class=\"UContainer__StyledContainer-sc-63nakj-0 jkDzrc\"><\/div>\n<\/div>\n","protected":false},"excerpt":{"rendered":"<p>Le Nuroad C:62 Pro combine le confort et la l\u00e9g\u00e8ret\u00e9 d\u2019un cadre carbone taill\u00e9 pour le gravier avec groupe Shimano GRX 2&#215;12 vitesses sp\u00e9cial gravier, il a tout ce dont vous avez besoin pour \u00e9largir vos horizons cyclistes avec une vaste gamme d&rsquo;engrenages rapproch\u00e9s. Les roues Newmen Advanced G.34 Carbon sont id\u00e9ales pour accueillir une [&hellip;]<\/p>\n","protected":false},"featured_media":5841,"template":"","meta":{"inline_featured_image":false},"product_cat":[34],"product_tag":[],"_links":{"self":[{"href":"https:\/\/esprit-cycles.com\/cogolin\/wp-json\/wp\/v2\/product\/5840"}],"collection":[{"href":"https:\/\/esprit-cycles.com\/cogolin\/wp-json\/wp\/v2\/product"}],"about":[{"href":"https:\/\/esprit-cycles.com\/cogolin\/wp-json\/wp\/v2\/types\/product"}],"wp:featuredmedia":[{"embeddable":true,"href":"https:\/\/esprit-cycles.com\/cogolin\/wp-json\/wp\/v2\/media\/5841"}],"wp:attachment":[{"href":"https:\/\/esprit-cycles.com\/cogolin\/wp-json\/wp\/v2\/media?parent=5840"}],"wp:term":[{"taxonomy":"product_cat","embeddable":true,"href":"https:\/\/esprit-cycles.com\/cogolin\/wp-json\/wp\/v2\/product_cat?post=5840"},{"taxonomy":"product_tag","embeddable":true,"href":"https:\/\/esprit-cycles.com\/cogolin\/wp-json\/wp\/v2\/product_tag?post=5840"}],"curies":[{"name":"wp","href":"https:\/\/api.w.org\/{rel}","templated":true}]}}