{"id":5820,"date":"2026-01-08T14:29:28","date_gmt":"2026-01-08T14:29:28","guid":{"rendered":"https:\/\/esprit-cycles.com\/cogolin\/?post_type=product&#038;p=5820"},"modified":"2026-01-08T14:32:16","modified_gmt":"2026-01-08T14:32:16","slug":"cube-touring-hybrid-one-600","status":"publish","type":"product","link":"https:\/\/esprit-cycles.com\/cogolin\/product\/cube-touring-hybrid-one-600\/","title":{"rendered":"CUBE \/ TOURING HYBRID ONE 600"},"content":{"rendered":"<p>Un v\u00e9lo, plusieurs raisons : le design intelligent et les accessoires pratiques du Touring Hybrid ONE lui permettent de s&rsquo;int\u00e9grer parfaitement \u00e0 votre vie. Avec une maniabilit\u00e9 confortable, une puissante unit\u00e9 motrice Bosch Performance, une batterie de 600 Wh et un porte-bagages semi-int\u00e9gr\u00e9 2.0, il a tout ce qu&rsquo;il faut pour le travail et les loisirs.<\/p>\n","protected":false},"excerpt":{"rendered":"<p>Un v\u00e9lo, plusieurs raisons : le design intelligent et les accessoires pratiques du Touring Hybrid ONE lui permettent de s&rsquo;int\u00e9grer parfaitement \u00e0 votre vie. Avec une maniabilit\u00e9 confortable, une puissante unit\u00e9 motrice Bosch Performance, une batterie de 600 Wh et un porte-bagages semi-int\u00e9gr\u00e9 2.0, il a tout ce qu&rsquo;il faut pour le travail et les [&hellip;]<\/p>\n","protected":false},"featured_media":5821,"template":"","meta":{"inline_featured_image":false},"product_cat":[34],"product_tag":[],"_links":{"self":[{"href":"https:\/\/esprit-cycles.com\/cogolin\/wp-json\/wp\/v2\/product\/5820"}],"collection":[{"href":"https:\/\/esprit-cycles.com\/cogolin\/wp-json\/wp\/v2\/product"}],"about":[{"href":"https:\/\/esprit-cycles.com\/cogolin\/wp-json\/wp\/v2\/types\/product"}],"wp:featuredmedia":[{"embeddable":true,"href":"https:\/\/esprit-cycles.com\/cogolin\/wp-json\/wp\/v2\/media\/5821"}],"wp:attachment":[{"href":"https:\/\/esprit-cycles.com\/cogolin\/wp-json\/wp\/v2\/media?parent=5820"}],"wp:term":[{"taxonomy":"product_cat","embeddable":true,"href":"https:\/\/esprit-cycles.com\/cogolin\/wp-json\/wp\/v2\/product_cat?post=5820"},{"taxonomy":"product_tag","embeddable":true,"href":"https:\/\/esprit-cycles.com\/cogolin\/wp-json\/wp\/v2\/product_tag?post=5820"}],"curies":[{"name":"wp","href":"https:\/\/api.w.org\/{rel}","templated":true}]}}