{"id":5710,"date":"2025-10-30T13:35:58","date_gmt":"2025-10-30T13:35:58","guid":{"rendered":"https:\/\/esprit-cycles.com\/cogolin\/?post_type=product&#038;p=5710"},"modified":"2025-10-30T13:36:30","modified_gmt":"2025-10-30T13:36:30","slug":"cube-stereo-hybrid-on-exc-800-3","status":"publish","type":"product","link":"https:\/\/esprit-cycles.com\/cogolin\/product\/cube-stereo-hybrid-on-exc-800-3\/","title":{"rendered":"CUBE \/ STEREO HYBRID ON EXC 800"},"content":{"rendered":"<section class=\"container-full module-title module-title__nobackground\">\n<div class=\"container\">\n<div class=\"module-title-text\">\n<div class=\"collpase-custom border-bottom border-medium\">\n<div id=\"description\" class=\"collpase-custom__content pt-3 collapse show\" data-parent=\"#product_accordions\">\n<div class=\"collpase-custom border-bottom border-medium\">\n<div id=\"description\" class=\"collpase-custom__content pt-3 collapse show\" data-parent=\"#product_accordions\">Nous avons construit le Stereo Hybrid ONE44 pour qu\u2019il soit aussi adaptable que performant. Avec sa batterie compacte PowerTube de 800 Wh et son puissant moteur Bosch CX offrant jusqu&rsquo;\u00e0 100 Nm d&rsquo;assistance, il offre un d\u00e9battement de 140 mm \u00e0 l&rsquo;avant et \u00e0 l&rsquo;arri\u00e8re et dispose d&rsquo;un espace pour les garde-boue. Le passage interne des c\u00e2bles met en valeur les lignes \u00e9pur\u00e9es et organiques du cadre. Il existe un ensemble de points de montage SIC 2.0 pour l&rsquo;ajout d&rsquo;un porte-bagages en option, la patte UDH est \u00e9volutive et le garde-cha\u00eene \u00e0 montage direct est soign\u00e9 et discret. De plus, avec Size Split, il existe un cadre adapt\u00e9 \u00e0 presque tous les cyclistes.<\/div>\n<\/div>\n<div class=\"collpase-custom border-bottom border-medium\"><\/div>\n<\/div>\n<\/div>\n<\/div>\n<\/div>\n<\/section>\n<section class=\"bike-header\">\n<div class=\"container\">\n<div class=\"bike-header__tech-wrap\"><\/div>\n<\/div>\n<\/section>\n","protected":false},"excerpt":{"rendered":"<p>Nous avons construit le Stereo Hybrid ONE44 pour qu\u2019il soit aussi adaptable que performant. Avec sa batterie compacte PowerTube de 800 Wh et son puissant moteur Bosch CX offrant jusqu&rsquo;\u00e0 100 Nm d&rsquo;assistance, il offre un d\u00e9battement de 140 mm \u00e0 l&rsquo;avant et \u00e0 l&rsquo;arri\u00e8re et dispose d&rsquo;un espace pour les garde-boue. Le passage interne [&hellip;]<\/p>\n","protected":false},"featured_media":5711,"template":"","meta":{"inline_featured_image":false},"product_cat":[34],"product_tag":[],"_links":{"self":[{"href":"https:\/\/esprit-cycles.com\/cogolin\/wp-json\/wp\/v2\/product\/5710"}],"collection":[{"href":"https:\/\/esprit-cycles.com\/cogolin\/wp-json\/wp\/v2\/product"}],"about":[{"href":"https:\/\/esprit-cycles.com\/cogolin\/wp-json\/wp\/v2\/types\/product"}],"wp:featuredmedia":[{"embeddable":true,"href":"https:\/\/esprit-cycles.com\/cogolin\/wp-json\/wp\/v2\/media\/5711"}],"wp:attachment":[{"href":"https:\/\/esprit-cycles.com\/cogolin\/wp-json\/wp\/v2\/media?parent=5710"}],"wp:term":[{"taxonomy":"product_cat","embeddable":true,"href":"https:\/\/esprit-cycles.com\/cogolin\/wp-json\/wp\/v2\/product_cat?post=5710"},{"taxonomy":"product_tag","embeddable":true,"href":"https:\/\/esprit-cycles.com\/cogolin\/wp-json\/wp\/v2\/product_tag?post=5710"}],"curies":[{"name":"wp","href":"https:\/\/api.w.org\/{rel}","templated":true}]}}