{"id":5697,"date":"2025-10-23T07:57:19","date_gmt":"2025-10-23T07:57:19","guid":{"rendered":"https:\/\/esprit-cycles.com\/cogolin\/?post_type=product&#038;p=5697"},"modified":"2025-10-23T07:59:33","modified_gmt":"2025-10-23T07:59:33","slug":"ghost-e-asx-essential-low-eq","status":"publish","type":"product","link":"https:\/\/esprit-cycles.com\/cogolin\/product\/ghost-e-asx-essential-low-eq\/","title":{"rendered":"GHOST \/ E-ASX ESSENTIAL LOW EQ"},"content":{"rendered":"<section class=\"container-full module-title module-title__nobackground\">\n<div class=\"container\">\n<div class=\"module-title-text\">\n<div class=\"collpase-custom border-bottom border-medium\">\n<div id=\"description\" class=\"collpase-custom__content pt-3 collapse show\" data-parent=\"#product_accordions\">\n<div class=\"collpase-custom border-bottom border-medium\">\n<div class=\"textContainer customScrollbar mt-4 px-2 ng-tns-c838393867-122 maxHeight\">\n<p class=\"mb-0 ng-tns-c838393867-122 ng-trigger ng-trigger-enterAnimation ng-star-inserted\">Un v\u00e9lo \u00e9lectrique pour le dernier kilom\u00e8tre, les aventures hors-piste et tous les autres d\u00e9fis. Le GHOST E-ASX Essential EQ est un robuste cheval de bataille dot\u00e9 d&rsquo;un cadre en aluminium solide. Avec un d\u00e9battement de suspension de 150 mm \u00e0 l&rsquo;avant et de 140 mm \u00e0 l&rsquo;arri\u00e8re, il vous permettra d&rsquo;affronter sans crainte les trottoirs et les nids-de-poule qui se dressent sur votre chemin. Le moteur Bosch vous maintient sans effort \u00e0 vitesse constante, o\u00f9 que vous alliez. Enti\u00e8rement \u00e9quip\u00e9 pour la route, ce VTT \u00e9lectrique est pr\u00eat pour la jungle urbaine comme pour les sentiers accident\u00e9s. Id\u00e9al pour tous ceux qui souhaitent voyager de mani\u00e8re durable et recherchent un v\u00e9lo polyvalent. Un v\u00e9lo \u00e9lectrique extr\u00eamement versatile \u2013 et au prix extr\u00eamement attractif<\/p>\n<\/div>\n<\/div>\n<\/div>\n<\/div>\n<\/div>\n<\/div>\n<\/section>\n","protected":false},"excerpt":{"rendered":"<p>Un v\u00e9lo \u00e9lectrique pour le dernier kilom\u00e8tre, les aventures hors-piste et tous les autres d\u00e9fis. Le GHOST E-ASX Essential EQ est un robuste cheval de bataille dot\u00e9 d&rsquo;un cadre en aluminium solide. Avec un d\u00e9battement de suspension de 150 mm \u00e0 l&rsquo;avant et de 140 mm \u00e0 l&rsquo;arri\u00e8re, il vous permettra d&rsquo;affronter sans crainte les [&hellip;]<\/p>\n","protected":false},"featured_media":5698,"template":"","meta":{"inline_featured_image":false},"product_cat":[34],"product_tag":[],"_links":{"self":[{"href":"https:\/\/esprit-cycles.com\/cogolin\/wp-json\/wp\/v2\/product\/5697"}],"collection":[{"href":"https:\/\/esprit-cycles.com\/cogolin\/wp-json\/wp\/v2\/product"}],"about":[{"href":"https:\/\/esprit-cycles.com\/cogolin\/wp-json\/wp\/v2\/types\/product"}],"wp:featuredmedia":[{"embeddable":true,"href":"https:\/\/esprit-cycles.com\/cogolin\/wp-json\/wp\/v2\/media\/5698"}],"wp:attachment":[{"href":"https:\/\/esprit-cycles.com\/cogolin\/wp-json\/wp\/v2\/media?parent=5697"}],"wp:term":[{"taxonomy":"product_cat","embeddable":true,"href":"https:\/\/esprit-cycles.com\/cogolin\/wp-json\/wp\/v2\/product_cat?post=5697"},{"taxonomy":"product_tag","embeddable":true,"href":"https:\/\/esprit-cycles.com\/cogolin\/wp-json\/wp\/v2\/product_tag?post=5697"}],"curies":[{"name":"wp","href":"https:\/\/api.w.org\/{rel}","templated":true}]}}