{"id":5689,"date":"2025-10-23T07:42:15","date_gmt":"2025-10-23T07:42:15","guid":{"rendered":"https:\/\/esprit-cycles.com\/cogolin\/?post_type=product&#038;p=5689"},"modified":"2025-10-23T07:45:13","modified_gmt":"2025-10-23T07:45:13","slug":"cube-stereo-hybrid-one44-ex-800","status":"publish","type":"product","link":"https:\/\/esprit-cycles.com\/cogolin\/product\/cube-stereo-hybrid-one44-ex-800\/","title":{"rendered":"CUBE \/ STEREO HYBRID ONE44 EX 800"},"content":{"rendered":"<p>Si vous souhaitez vous lancer dans l&rsquo;aventure tout-terrain, vous aurez besoin d&rsquo;un v\u00e9lo qui ne vous laissera pas tomber. Avec sa transmission Sram T90 vitesses et ses puissants freins \u00e0 disque hydrauliques Shimano, le Stereo Hybrid 1&#215;12 EX 800 d\u00e9marre sur de bonnes bases. La fourche pneumatique Rockshox Psylo Silver et l&rsquo;amortisseur Deluxe Select offrent un d\u00e9battement de 140 mm pour adoucir les sentiers, tout en \u00e9tant facilement ajustables \u00e0 la taille de n&rsquo;importe quel cycliste. Il y a une paire de pneus Schwalbe Nobby Nic 2,6 pouces adh\u00e9rents pour un confort et un contr\u00f4le optimaux. Et, avec jusqu&rsquo;\u00e0 100 Nm d&rsquo;assistance disponible gr\u00e2ce \u00e0 l&rsquo;unit\u00e9 motrice Bosch CX et \u00e0 la batterie PowerTube de 800 Wh, vous disposez de nombreuses possibilit\u00e9s pour une conduite encore plus aventureuse<\/p>\n","protected":false},"excerpt":{"rendered":"<p>Si vous souhaitez vous lancer dans l&rsquo;aventure tout-terrain, vous aurez besoin d&rsquo;un v\u00e9lo qui ne vous laissera pas tomber. Avec sa transmission Sram T90 vitesses et ses puissants freins \u00e0 disque hydrauliques Shimano, le Stereo Hybrid 1&#215;12 EX 800 d\u00e9marre sur de bonnes bases. La fourche pneumatique Rockshox Psylo Silver et l&rsquo;amortisseur Deluxe Select offrent [&hellip;]<\/p>\n","protected":false},"featured_media":5690,"template":"","meta":{"inline_featured_image":false},"product_cat":[34],"product_tag":[],"_links":{"self":[{"href":"https:\/\/esprit-cycles.com\/cogolin\/wp-json\/wp\/v2\/product\/5689"}],"collection":[{"href":"https:\/\/esprit-cycles.com\/cogolin\/wp-json\/wp\/v2\/product"}],"about":[{"href":"https:\/\/esprit-cycles.com\/cogolin\/wp-json\/wp\/v2\/types\/product"}],"wp:featuredmedia":[{"embeddable":true,"href":"https:\/\/esprit-cycles.com\/cogolin\/wp-json\/wp\/v2\/media\/5690"}],"wp:attachment":[{"href":"https:\/\/esprit-cycles.com\/cogolin\/wp-json\/wp\/v2\/media?parent=5689"}],"wp:term":[{"taxonomy":"product_cat","embeddable":true,"href":"https:\/\/esprit-cycles.com\/cogolin\/wp-json\/wp\/v2\/product_cat?post=5689"},{"taxonomy":"product_tag","embeddable":true,"href":"https:\/\/esprit-cycles.com\/cogolin\/wp-json\/wp\/v2\/product_tag?post=5689"}],"curies":[{"name":"wp","href":"https:\/\/api.w.org\/{rel}","templated":true}]}}