{"id":5681,"date":"2025-10-23T07:31:30","date_gmt":"2025-10-23T07:31:30","guid":{"rendered":"https:\/\/esprit-cycles.com\/cogolin\/?post_type=product&#038;p=5681"},"modified":"2025-10-23T07:35:43","modified_gmt":"2025-10-23T07:35:43","slug":"cube-nuride-hybrid-pro-600","status":"publish","type":"product","link":"https:\/\/esprit-cycles.com\/cogolin\/product\/cube-nuride-hybrid-pro-600\/","title":{"rendered":"CUBE \/ NURIDE HYBRID PRO 600"},"content":{"rendered":"<p>Le Nuride Hybrid Pro 600 combine en effet la capacit\u00e9 d&rsquo;aller partout d&rsquo;un VTT \u00e0 la facilit\u00e9 d&rsquo;utilisation d&rsquo;un v\u00e9lo de ville et \u00e0 l&rsquo;adaptabilit\u00e9 d&rsquo;un v\u00e9lo de randonn\u00e9e. Avec son moteur Bosch CX souple et dynamique et sa batterie de 600 Wh, il a la puissance n\u00e9cessaire pour faciliter tous vos d\u00e9placements. Les l\u00e9gendaires vitesses XT 1&#215;12 de Shimano mettent le bon rapport litt\u00e9ralement au bout de vos doigts, tandis que les puissants freins \u00e0 disque hydrauliques de Shimano vous permettent de toujours garder le contr\u00f4le. Les pneus Schwalbe larges et adh\u00e9rents et la fourche suspendue pneumatique Suntour confortable soulagent les routes les plus accident\u00e9es. Et, avec l&rsquo;ensemble d&rsquo;\u00e9quipements, comprenant des garde-boue, des feux, un porte-bagages semi-int\u00e9gr\u00e9 2.0 et une b\u00e9quille, vous \u00eates pr\u00eat \u00e0 la fois pour le travail et les loisirs<\/p>\n","protected":false},"excerpt":{"rendered":"<p>Le Nuride Hybrid Pro 600 combine en effet la capacit\u00e9 d&rsquo;aller partout d&rsquo;un VTT \u00e0 la facilit\u00e9 d&rsquo;utilisation d&rsquo;un v\u00e9lo de ville et \u00e0 l&rsquo;adaptabilit\u00e9 d&rsquo;un v\u00e9lo de randonn\u00e9e. Avec son moteur Bosch CX souple et dynamique et sa batterie de 600 Wh, il a la puissance n\u00e9cessaire pour faciliter tous vos d\u00e9placements. Les l\u00e9gendaires [&hellip;]<\/p>\n","protected":false},"featured_media":5682,"template":"","meta":{"inline_featured_image":false},"product_cat":[34],"product_tag":[],"_links":{"self":[{"href":"https:\/\/esprit-cycles.com\/cogolin\/wp-json\/wp\/v2\/product\/5681"}],"collection":[{"href":"https:\/\/esprit-cycles.com\/cogolin\/wp-json\/wp\/v2\/product"}],"about":[{"href":"https:\/\/esprit-cycles.com\/cogolin\/wp-json\/wp\/v2\/types\/product"}],"wp:featuredmedia":[{"embeddable":true,"href":"https:\/\/esprit-cycles.com\/cogolin\/wp-json\/wp\/v2\/media\/5682"}],"wp:attachment":[{"href":"https:\/\/esprit-cycles.com\/cogolin\/wp-json\/wp\/v2\/media?parent=5681"}],"wp:term":[{"taxonomy":"product_cat","embeddable":true,"href":"https:\/\/esprit-cycles.com\/cogolin\/wp-json\/wp\/v2\/product_cat?post=5681"},{"taxonomy":"product_tag","embeddable":true,"href":"https:\/\/esprit-cycles.com\/cogolin\/wp-json\/wp\/v2\/product_tag?post=5681"}],"curies":[{"name":"wp","href":"https:\/\/api.w.org\/{rel}","templated":true}]}}