{"id":5679,"date":"2025-10-23T07:29:26","date_gmt":"2025-10-23T07:29:26","guid":{"rendered":"https:\/\/esprit-cycles.com\/cogolin\/?post_type=product&#038;p=5679"},"modified":"2026-01-08T14:12:16","modified_gmt":"2026-01-08T14:12:16","slug":"cube-acid-24","status":"publish","type":"product","link":"https:\/\/esprit-cycles.com\/cogolin\/product\/cube-acid-24\/","title":{"rendered":"CUBE \/ ACID 24"},"content":{"rendered":"<section class=\"container-full module-title module-title__nobackground\">\n<div class=\"container\">\n<div class=\"module-title-text\">\n<div class=\"collpase-custom border-bottom border-medium\">\n<div id=\"description\" class=\"collpase-custom__content pt-3 collapse show\" data-parent=\"#product_accordions\">\n<div class=\"collpase-custom border-bottom border-medium\">L\u2019Acid 240 est le choix id\u00e9al pour les cyclistes en herbe qui veulent rouler avec leurs amis ou leurs parents. Il est \u00e9quip\u00e9 d\u2019une fourche suspendue Suntour pour un plus grand confort et un plus grand contr\u00f4le sur les surfaces accident\u00e9es, et pr\u00e9sente une transmission Shimano 7 vitesses afin de pouvoir se lancer dans tous types d\u2019ascension. Ses puissants freins V-brake sont faciles \u00e0 contr\u00f4ler, gr\u00e2ce \u00e0 des leviers sp\u00e9cialement con\u00e7us pour les petites mains. Enfin, la patte de d\u00e9railleur amovible permet d\u2019\u00e9viter qu\u2019un accident ne se traduise pas forc\u00e9ment par des co\u00fbts de r\u00e9paration \u00e9lev\u00e9s. C\u2019est parti. Explorez.<\/div>\n<\/div>\n<\/div>\n<\/div>\n<\/div>\n<\/section>\n","protected":false},"excerpt":{"rendered":"<p>L\u2019Acid 240 est le choix id\u00e9al pour les cyclistes en herbe qui veulent rouler avec leurs amis ou leurs parents. Il est \u00e9quip\u00e9 d\u2019une fourche suspendue Suntour pour un plus grand confort et un plus grand contr\u00f4le sur les surfaces accident\u00e9es, et pr\u00e9sente une transmission Shimano 7 vitesses afin de pouvoir se lancer dans tous [&hellip;]<\/p>\n","protected":false},"featured_media":5819,"template":"","meta":{"inline_featured_image":false},"product_cat":[34],"product_tag":[],"_links":{"self":[{"href":"https:\/\/esprit-cycles.com\/cogolin\/wp-json\/wp\/v2\/product\/5679"}],"collection":[{"href":"https:\/\/esprit-cycles.com\/cogolin\/wp-json\/wp\/v2\/product"}],"about":[{"href":"https:\/\/esprit-cycles.com\/cogolin\/wp-json\/wp\/v2\/types\/product"}],"wp:featuredmedia":[{"embeddable":true,"href":"https:\/\/esprit-cycles.com\/cogolin\/wp-json\/wp\/v2\/media\/5819"}],"wp:attachment":[{"href":"https:\/\/esprit-cycles.com\/cogolin\/wp-json\/wp\/v2\/media?parent=5679"}],"wp:term":[{"taxonomy":"product_cat","embeddable":true,"href":"https:\/\/esprit-cycles.com\/cogolin\/wp-json\/wp\/v2\/product_cat?post=5679"},{"taxonomy":"product_tag","embeddable":true,"href":"https:\/\/esprit-cycles.com\/cogolin\/wp-json\/wp\/v2\/product_tag?post=5679"}],"curies":[{"name":"wp","href":"https:\/\/api.w.org\/{rel}","templated":true}]}}