{"id":5642,"date":"2025-10-02T12:48:24","date_gmt":"2025-10-02T12:48:24","guid":{"rendered":"https:\/\/esprit-cycles.com\/cogolin\/?post_type=product&#038;p=5642"},"modified":"2025-10-02T12:51:24","modified_gmt":"2025-10-02T12:51:24","slug":"cube-nuride-hybrid-pro-800","status":"publish","type":"product","link":"https:\/\/esprit-cycles.com\/cogolin\/product\/cube-nuride-hybrid-pro-800\/","title":{"rendered":"CUBE \/ NURIDE HYBRID PRO 800"},"content":{"rendered":"<section class=\"container-full module-title module-title__nobackground\">\n<div class=\"container\">\n<div class=\"module-title-text\">\n<div class=\"collpase-custom border-bottom border-medium\">\n<div id=\"description\" class=\"collpase-custom__content pt-3 collapse show\" data-parent=\"#product_accordions\">\n<div class=\"collpase-custom border-bottom border-medium\">\n<div id=\"description\" class=\"collpase-custom__content pt-3 collapse show\" data-parent=\"#product_accordions\">\n<div class=\"collpase-custom border-bottom border-medium\">\n<div id=\"description\" class=\"collpase-custom__content pt-3 collapse show\" data-parent=\"#product_accordions\">Le cadre Easy Entry du Nuride Hybrid tient toutes ses promesses, ce qui fait de la conduite un plaisir simple sans acrobatie requise. Con\u00e7u pour accueillir une fourche suspendue de 100 mm pour plus de confort et de contr\u00f4le, il pr\u00e9sente \u00e9galement un d\u00e9gagement g\u00e9n\u00e9reux pour les pneus, m\u00eame avec les garde-boue fournis. Les c\u00e2bles int\u00e9gr\u00e9s compl\u00e8tent l&rsquo;aspect \u00e9pur\u00e9 du cadre, tandis que la batterie PowerTube de 800 Wh et la transmission Bosch CX sont parfaitement int\u00e9gr\u00e9es \u00e0 la structure du cadre. Il y a un prot\u00e8ge-cha\u00eene int\u00e9gr\u00e9 et, avec les garde-boue, les feux et la b\u00e9quille inclus, ainsi que le solide porte-bagages semi-int\u00e9gr\u00e9 2.0, vous avez tout ce qu&rsquo;il vous faut pour vos aventures sur deux roues.<\/div>\n<\/div>\n<div class=\"collpase-custom border-bottom border-medium\"><\/div>\n<\/div>\n<\/div>\n<\/div>\n<\/div>\n<\/div>\n<\/div>\n<\/section>\n<section class=\"bike-header\">\n<div class=\"container\">\n<div class=\"bike-header__tech-wrap\"><\/div>\n<\/div>\n<\/section>\n","protected":false},"excerpt":{"rendered":"<p>Le cadre Easy Entry du Nuride Hybrid tient toutes ses promesses, ce qui fait de la conduite un plaisir simple sans acrobatie requise. Con\u00e7u pour accueillir une fourche suspendue de 100 mm pour plus de confort et de contr\u00f4le, il pr\u00e9sente \u00e9galement un d\u00e9gagement g\u00e9n\u00e9reux pour les pneus, m\u00eame avec les garde-boue fournis. Les c\u00e2bles [&hellip;]<\/p>\n","protected":false},"featured_media":5643,"template":"","meta":{"inline_featured_image":false},"product_cat":[34],"product_tag":[],"_links":{"self":[{"href":"https:\/\/esprit-cycles.com\/cogolin\/wp-json\/wp\/v2\/product\/5642"}],"collection":[{"href":"https:\/\/esprit-cycles.com\/cogolin\/wp-json\/wp\/v2\/product"}],"about":[{"href":"https:\/\/esprit-cycles.com\/cogolin\/wp-json\/wp\/v2\/types\/product"}],"wp:featuredmedia":[{"embeddable":true,"href":"https:\/\/esprit-cycles.com\/cogolin\/wp-json\/wp\/v2\/media\/5643"}],"wp:attachment":[{"href":"https:\/\/esprit-cycles.com\/cogolin\/wp-json\/wp\/v2\/media?parent=5642"}],"wp:term":[{"taxonomy":"product_cat","embeddable":true,"href":"https:\/\/esprit-cycles.com\/cogolin\/wp-json\/wp\/v2\/product_cat?post=5642"},{"taxonomy":"product_tag","embeddable":true,"href":"https:\/\/esprit-cycles.com\/cogolin\/wp-json\/wp\/v2\/product_tag?post=5642"}],"curies":[{"name":"wp","href":"https:\/\/api.w.org\/{rel}","templated":true}]}}