{"id":5604,"date":"2025-08-08T15:45:03","date_gmt":"2025-08-08T15:45:03","guid":{"rendered":"https:\/\/esprit-cycles.com\/cogolin\/?post_type=product&#038;p=5604"},"modified":"2025-10-22T10:01:01","modified_gmt":"2025-10-22T10:01:01","slug":"lapierre-crosshill-6-0","status":"publish","type":"product","link":"https:\/\/esprit-cycles.com\/cogolin\/product\/lapierre-crosshill-6-0\/","title":{"rendered":"LAPIERRE \/ CROSSHILL 6.0"},"content":{"rendered":"<div class=\"ProductSection__Section-sc-1efce97-0 iCNkot\">\n<div class=\"UContainer__StyledContainer-sc-63nakj-0 jkDzrc\">\n<div class=\"ProductDescription__Wrapper-sc-1wp2fwt-0 lgyDNF OProductFull__StyledProductDescription-sc-191gjdf-10 cOHDsL\" data-gtm-vis-first-on-screen-10021758_195=\"11492\" data-gtm-vis-total-visible-time-10021758_195=\"100\" data-gtm-vis-has-fired-10021758_195=\"1\">\n<div class=\"UReadMoreContent__Content-sc-ylbwqr-0 dkxfbW\">\n<div class=\"ProductSection__Section-sc-1efce97-0 iCNkot\">\n<div class=\"UContainer__StyledContainer-sc-63nakj-0 jkDzrc\">\n<div class=\"ProductDescription__Wrapper-sc-1wp2fwt-0 lgyDNF OProductFull__StyledProductDescription-sc-191gjdf-10 cOHDsL\" data-gtm-vis-recent-on-screen-10021758_195=\"3939\" data-gtm-vis-first-on-screen-10021758_195=\"3939\" data-gtm-vis-total-visible-time-10021758_195=\"100\" data-gtm-vis-has-fired-10021758_195=\"1\">\n<div class=\"UReadMoreContent__Content-sc-ylbwqr-0 dkxfbW\">\n<div class=\"OProductFull__ProductDescriptionWrapper-sc-191gjdf-10 ecVyyq\">\n<div class=\"UContainer__StyledContainer-sc-63nakj-0 cShsgY\">\n<div class=\"ProductDescription__Wrapper-sc-1wp2fwt-0 kukdBR\" data-gtm-vis-recent-on-screen10021758_195=\"75230\" data-gtm-vis-first-on-screen10021758_195=\"75230\" data-gtm-vis-total-visible-time10021758_195=\"100\" data-gtm-vis-has-fired10021758_195=\"1\">\n<div class=\"UReadMoreContent__Content-sc-ylbwqr-0 btfoVN\">\n<div>Un sentier blanc au printemps et une envie soudaine de d\u00e9couvrir des vallons inexplor\u00e9s. Le gravel bike Crosshill d\u00e9passe le simple cadre du v\u00e9lo\u00a0: il est un fid\u00e8le lieutenant pour la randonn\u00e9e cycliste, les p\u00e9riples en bikepacking o\u00f9 les vacances \u00e0 deux roues. Car l\u00e0 o\u00f9 commence les sentiers, d\u00e9marre son terrain d\u2019expression et avec lui ses multiples facettes\u00a0:\u00a0\u00a0pr\u00e9cis dans les cailloux, furtif sur la route, il exprime son agilit\u00e9 en permanence. Gr\u00e2ce \u00e0 son cadre en aluminium typ\u00e9 endurance et ses \u00e9quipements taill\u00e9s pour les kilom\u00e8tres, le Crosshill connait le chemin de l\u2019aventure. Saurez-vous reconnaitre sa polyvalence\u00a0?<\/div>\n<\/div>\n<\/div>\n<\/div>\n<\/div>\n<div class=\"ProductSection__Section-sc-1efce97-0 tYgKx\">\n<div class=\"UContainer__StyledContainer-sc-63nakj-0 cShsgY\"><\/div>\n<\/div>\n<\/div>\n<\/div>\n<\/div>\n<\/div>\n<div class=\"ProductSection__Section-sc-1efce97-0 iCNkot\">\n<div class=\"UContainer__StyledContainer-sc-63nakj-0 jkDzrc\">\n<div class=\"OProductFull__StoryblokRendererWrapper-sc-191gjdf-15 cohEBp\"><\/div>\n<\/div>\n<\/div>\n<div class=\"ProductSection__Section-sc-1efce97-0 iCNkot\">\n<div class=\"UContainer__StyledContainer-sc-63nakj-0 jkDzrc\">\n<div id=\"pdp-attribute\" class=\"UOffCanvasPanel__StyledRoot-sc-138g2ds-7 hZKysd\" role=\"tooltip\"><\/div>\n<\/div>\n<\/div>\n<\/div>\n<\/div>\n<\/div>\n<\/div>\n<div class=\"ProductSection__Section-sc-1efce97-0 iCNkot\">\n<div class=\"UContainer__StyledContainer-sc-63nakj-0 jkDzrc\"><\/div>\n<\/div>\n","protected":false},"excerpt":{"rendered":"<p>Un sentier blanc au printemps et une envie soudaine de d\u00e9couvrir des vallons inexplor\u00e9s. Le gravel bike Crosshill d\u00e9passe le simple cadre du v\u00e9lo\u00a0: il est un fid\u00e8le lieutenant pour la randonn\u00e9e cycliste, les p\u00e9riples en bikepacking o\u00f9 les vacances \u00e0 deux roues. Car l\u00e0 o\u00f9 commence les sentiers, d\u00e9marre son terrain d\u2019expression et avec [&hellip;]<\/p>\n","protected":false},"featured_media":5605,"template":"","meta":{"inline_featured_image":false},"product_cat":[34],"product_tag":[],"_links":{"self":[{"href":"https:\/\/esprit-cycles.com\/cogolin\/wp-json\/wp\/v2\/product\/5604"}],"collection":[{"href":"https:\/\/esprit-cycles.com\/cogolin\/wp-json\/wp\/v2\/product"}],"about":[{"href":"https:\/\/esprit-cycles.com\/cogolin\/wp-json\/wp\/v2\/types\/product"}],"wp:featuredmedia":[{"embeddable":true,"href":"https:\/\/esprit-cycles.com\/cogolin\/wp-json\/wp\/v2\/media\/5605"}],"wp:attachment":[{"href":"https:\/\/esprit-cycles.com\/cogolin\/wp-json\/wp\/v2\/media?parent=5604"}],"wp:term":[{"taxonomy":"product_cat","embeddable":true,"href":"https:\/\/esprit-cycles.com\/cogolin\/wp-json\/wp\/v2\/product_cat?post=5604"},{"taxonomy":"product_tag","embeddable":true,"href":"https:\/\/esprit-cycles.com\/cogolin\/wp-json\/wp\/v2\/product_tag?post=5604"}],"curies":[{"name":"wp","href":"https:\/\/api.w.org\/{rel}","templated":true}]}}