{"id":5334,"date":"2025-02-05T09:24:42","date_gmt":"2025-02-05T09:24:42","guid":{"rendered":"https:\/\/esprit-cycles.com\/cogolin\/?post_type=product&#038;p=5334"},"modified":"2025-10-22T10:02:13","modified_gmt":"2025-10-22T10:02:13","slug":"lapierre-crosshill-cf-5-0","status":"publish","type":"product","link":"https:\/\/esprit-cycles.com\/cogolin\/product\/lapierre-crosshill-cf-5-0\/","title":{"rendered":"LAPIERRE \/ CROSSHILL CF 5.0"},"content":{"rendered":"<div class=\"ProductSection__Section-sc-1efce97-0 iCNkot\">\n<div class=\"UContainer__StyledContainer-sc-63nakj-0 jkDzrc\">\n<div class=\"ProductDescription__Wrapper-sc-1wp2fwt-0 lgyDNF OProductFull__StyledProductDescription-sc-191gjdf-10 cOHDsL\" data-gtm-vis-first-on-screen-10021758_195=\"11492\" data-gtm-vis-total-visible-time-10021758_195=\"100\" data-gtm-vis-has-fired-10021758_195=\"1\">\n<div class=\"UReadMoreContent__Content-sc-ylbwqr-0 dkxfbW\">\n<div class=\"ProductSection__Section-sc-1efce97-0 iCNkot\">\n<div class=\"UContainer__StyledContainer-sc-63nakj-0 jkDzrc\">\n<div class=\"ProductDescription__Wrapper-sc-1wp2fwt-0 lgyDNF OProductFull__StyledProductDescription-sc-191gjdf-10 cOHDsL\" data-gtm-vis-recent-on-screen-10021758_195=\"3939\" data-gtm-vis-first-on-screen-10021758_195=\"3939\" data-gtm-vis-total-visible-time-10021758_195=\"100\" data-gtm-vis-has-fired-10021758_195=\"1\">\n<div class=\"UReadMoreContent__Content-sc-ylbwqr-0 dkxfbW\">\n<div class=\"OProductFull__ProductDescriptionWrapper-sc-191gjdf-10 ecVyyq\">\n<div class=\"UContainer__StyledContainer-sc-63nakj-0 cShsgY\">\n<div class=\"ProductDescription__Wrapper-sc-1wp2fwt-0 kukdBR\" data-gtm-vis-recent-on-screen10021758_195=\"75230\" data-gtm-vis-first-on-screen10021758_195=\"75230\" data-gtm-vis-total-visible-time10021758_195=\"100\" data-gtm-vis-has-fired10021758_195=\"1\">\n<div class=\"UReadMoreContent__Content-sc-ylbwqr-0 btfoVN\">\n<div>\u00c9LU GRAVEL DE L\u2019ANN\u00c9E !!<\/div>\n<div><\/div>\n<div>Le gravel c\u2019est la poussi\u00e8re qui sature les poumons, c\u2019est le cliquetis sec de la caillasse contre le d\u00e9railleur, ce sont les g\u00e9missements silencieux lors d\u2019un effort total. C\u2019est aussi une nouvelle vision de la performance qui r\u00e9sonne \u00e0 merveille avec le nouveau Crosshill CF. Ce gravel en carbone est une monture faite pour les d\u00e9cors de cin\u00e9ma, \u00e0 la Mad Max ou \u00e0 la Dune selon vos pr\u00e9f\u00e9rences\u00a0! C\u2019est aussi une arme taill\u00e9e pour accompagner vos plus grandes conqu\u00eates sportives que ce soit pour un road-trip longue distance, un challenge personnel ou partager une exp\u00e9dition de bikepacking \u00e0 plusieurs. Tout dans le Crosshill CF se met au diapason de vos exploits avec la certitude de cr\u00e9er certains de vos plus beaux souvenirs de vie.<\/div>\n<div><\/div>\n<div>Mais l\u2019aventure n\u2019est pas seule inscrite dans l\u2019ADN du Crosshill CF. La technologie aussi. A commencer par le 3D Tubular visible \u00e0 l\u2019insertion tige de selle\/top tube qui dompte l\u2019inconfort et casse les codes de la longue distance. Plus agressif dans sa g\u00e9om\u00e9trie tout en gardant une bonne souplesse verticale et une maniabilit\u00e9 affirm\u00e9e sur l\u2019avant, ce v\u00e9lo d\u00e9joue les terrains techniques et encore plus les \u00ab\u00a0bacs \u00e0 sable\u00a0\u00bb r\u00e9guli\u00e8rement affront\u00e9s en gravel. Avec son allure de guerrier imperturbable \u00e0 haute vitesse, le Crosshill CF accorde de la place aux sacoches (non fournies) et \u00e0 la fixation de garde-boues. \u00ab\u00a0L\u2019esprit gravel\u00a0\u00bb est par ailleurs parfaitement repr\u00e9sent\u00e9 par le poste de pilotage semi-int\u00e9gr\u00e9 qui dispose d\u2019un Flare de 12\u00b0 et d\u2019un Rise plus prononc\u00e9 afin de gagner en stabilit\u00e9. Un v\u00e9lo d\u2019ores et d\u00e9j\u00e0 \u00e9pique\u00a0!<\/div>\n<div><\/div>\n<\/div>\n<\/div>\n<\/div>\n<\/div>\n<div class=\"ProductSection__Section-sc-1efce97-0 tYgKx\">\n<div class=\"UContainer__StyledContainer-sc-63nakj-0 cShsgY\"><\/div>\n<\/div>\n<\/div>\n<\/div>\n<\/div>\n<\/div>\n<div class=\"ProductSection__Section-sc-1efce97-0 iCNkot\">\n<div class=\"UContainer__StyledContainer-sc-63nakj-0 jkDzrc\">\n<div class=\"OProductFull__StoryblokRendererWrapper-sc-191gjdf-15 cohEBp\"><\/div>\n<\/div>\n<\/div>\n<div class=\"ProductSection__Section-sc-1efce97-0 iCNkot\">\n<div class=\"UContainer__StyledContainer-sc-63nakj-0 jkDzrc\">\n<div id=\"pdp-attribute\" class=\"UOffCanvasPanel__StyledRoot-sc-138g2ds-7 hZKysd\" role=\"tooltip\"><\/div>\n<\/div>\n<\/div>\n<\/div>\n<\/div>\n<\/div>\n<\/div>\n<div class=\"ProductSection__Section-sc-1efce97-0 iCNkot\">\n<div class=\"UContainer__StyledContainer-sc-63nakj-0 jkDzrc\"><\/div>\n<\/div>\n","protected":false},"excerpt":{"rendered":"<p>\u00c9LU GRAVEL DE L\u2019ANN\u00c9E !! Le gravel c\u2019est la poussi\u00e8re qui sature les poumons, c\u2019est le cliquetis sec de la caillasse contre le d\u00e9railleur, ce sont les g\u00e9missements silencieux lors d\u2019un effort total. C\u2019est aussi une nouvelle vision de la performance qui r\u00e9sonne \u00e0 merveille avec le nouveau Crosshill CF. Ce gravel en carbone est [&hellip;]<\/p>\n","protected":false},"featured_media":5335,"template":"","meta":{"inline_featured_image":false},"product_cat":[34],"product_tag":[],"_links":{"self":[{"href":"https:\/\/esprit-cycles.com\/cogolin\/wp-json\/wp\/v2\/product\/5334"}],"collection":[{"href":"https:\/\/esprit-cycles.com\/cogolin\/wp-json\/wp\/v2\/product"}],"about":[{"href":"https:\/\/esprit-cycles.com\/cogolin\/wp-json\/wp\/v2\/types\/product"}],"wp:featuredmedia":[{"embeddable":true,"href":"https:\/\/esprit-cycles.com\/cogolin\/wp-json\/wp\/v2\/media\/5335"}],"wp:attachment":[{"href":"https:\/\/esprit-cycles.com\/cogolin\/wp-json\/wp\/v2\/media?parent=5334"}],"wp:term":[{"taxonomy":"product_cat","embeddable":true,"href":"https:\/\/esprit-cycles.com\/cogolin\/wp-json\/wp\/v2\/product_cat?post=5334"},{"taxonomy":"product_tag","embeddable":true,"href":"https:\/\/esprit-cycles.com\/cogolin\/wp-json\/wp\/v2\/product_tag?post=5334"}],"curies":[{"name":"wp","href":"https:\/\/api.w.org\/{rel}","templated":true}]}}