{"id":5297,"date":"2024-09-03T13:59:44","date_gmt":"2024-09-03T13:59:44","guid":{"rendered":"https:\/\/esprit-cycles.com\/cogolin\/?post_type=product&#038;p=5297"},"modified":"2025-11-08T08:37:51","modified_gmt":"2025-11-08T08:37:51","slug":"lapierre-e-explorer-fs-8-6","status":"publish","type":"product","link":"https:\/\/esprit-cycles.com\/cogolin\/product\/lapierre-e-explorer-fs-8-6\/","title":{"rendered":"LAPIERRE \/ E-EXPLORER FS 8.6"},"content":{"rendered":"<section class=\"container-full module-title module-title__nobackground\">\n<div class=\"container\">\n<div class=\"module-title-text\">\n<div class=\"ProductSection__Section-sc-1efce97-0 iCNkot\">\n<div class=\"UContainer__StyledContainer-sc-63nakj-0 jkDzrc\">\n<div class=\"ProductDescription__Wrapper-sc-1wp2fwt-0 lgyDNF OProductFull__StyledProductDescription-sc-191gjdf-10 cOHDsL\" data-gtm-vis-first-on-screen-10021758_195=\"12511\" data-gtm-vis-total-visible-time-10021758_195=\"100\" data-gtm-vis-has-fired-10021758_195=\"1\">\n<div class=\"UReadMoreContent__Content-sc-ylbwqr-0 dkxfbW\">\n<div class=\"ProductSection__Section-sc-1efce97-0 iCNkot\">\n<div class=\"UContainer__StyledContainer-sc-63nakj-0 jkDzrc\">\n<div class=\"ProductDescription__Wrapper-sc-1wp2fwt-0 lgyDNF OProductFull__StyledProductDescription-sc-191gjdf-10 cOHDsL\" data-gtm-vis-recent-on-screen-10021758_195=\"13757\" data-gtm-vis-first-on-screen-10021758_195=\"13757\" data-gtm-vis-total-visible-time-10021758_195=\"100\" data-gtm-vis-has-fired-10021758_195=\"1\">\n<div class=\"UReadMoreContent__Content-sc-ylbwqr-0 dkxfbW\">\n<div class=\"OProductFull__ProductDescriptionWrapper-sc-191gjdf-10 ecVyyq\">\n<div class=\"UContainer__StyledContainer-sc-63nakj-0 cShsgY\">\n<div class=\"ProductDescription__Wrapper-sc-1wp2fwt-0 kukdBR\" data-gtm-vis-first-on-screen-10021758_195=\"6029\" data-gtm-vis-total-visible-time-10021758_195=\"100\" data-gtm-vis-has-fired-10021758_195=\"1\">\n<div class=\"UReadMoreContent__Content-sc-ylbwqr-0 iOjXzK\">\n<div class=\"OProductFull__ProductDescriptionWrapper-sc-191gjdf-10 ecVyyq\">\n<div class=\"UContainer__StyledContainer-sc-63nakj-0 cShsgY\">\n<div class=\"ProductDescription__Wrapper-sc-1wp2fwt-0 kukdBR\" data-gtm-vis-recent-on-screen-10021758_195=\"7156\" data-gtm-vis-first-on-screen-10021758_195=\"7156\" data-gtm-vis-total-visible-time-10021758_195=\"100\" data-gtm-vis-has-fired-10021758_195=\"1\">\n<div class=\"UReadMoreContent__Content-sc-ylbwqr-0 iOjXzK\">\n<div class=\"col-sm-12 col-md-12 prodDesc\">\n<div class=\"col-sm-12 col-md-12 prodDesc\">\n<div class=\"col-sm-12 col-md-12 prodDesc\">\n<div class=\"col-sm-12 col-md-12 prodDesc\">\n<div id=\"prodDescCollapse\" class=\"col-xs-12\">\n<p>Le E-Explorer FS est un v\u00e9lo \u00e0 assistance \u00e9lectrique con\u00e7u pour un usage quotidien. Gr\u00e2ce \u00e0 sa polyvalence et \u00e0 son assistance progressive, se d\u00e9placer n&rsquo;a jamais \u00e9t\u00e9 aussi simple. Equip\u00e9 de garde-boue et d&rsquo;une suspension arri\u00e8re, l&rsquo;E-Explorer FS am\u00e9liore vos d\u00e9placements. La batterie enti\u00e8rement int\u00e9gr\u00e9e et le design rafra\u00eechi vous feront oublier qu&rsquo;il s&rsquo;agit d&rsquo;un v\u00e9lo \u00e0 assistance \u00e9lectrique.<\/p>\n<div><\/div>\n<\/div>\n<\/div>\n<\/div>\n<\/div>\n<\/div>\n<\/div>\n<\/div>\n<\/div>\n<\/div>\n<\/div>\n<\/div>\n<\/div>\n<\/div>\n<\/div>\n<\/div>\n<\/div>\n<\/div>\n<div class=\"ProductSection__Section-sc-1efce97-0 iCNkot\">\n<div class=\"UContainer__StyledContainer-sc-63nakj-0 jkDzrc\">\n<div class=\"OProductFull__StoryblokRendererWrapper-sc-191gjdf-15 cohEBp\">\n<div class=\"OProductFull__ProductDescriptionWrapper-sc-191gjdf-10 ecVyyq\">\n<div class=\"UContainer__StyledContainer-sc-63nakj-0 cShsgY\">\n<div class=\"ProductDescription__Wrapper-sc-1wp2fwt-0 kukdBR\" data-gtm-vis-first-on-screen-10021758_195=\"69386\" data-gtm-vis-total-visible-time-10021758_195=\"100\" data-gtm-vis-has-fired-10021758_195=\"1\">\n<div class=\"UReadMoreContent__Content-sc-ylbwqr-0 lpszgW\">\n<section class=\"bike-header aos-init\" data-aos=\"fade-down\">\n<div class=\"container container-l\">\n<div class=\"bike-header__tech-wrap u-mb-xxxl\"><\/div>\n<\/div>\n<\/section>\n<\/div>\n<\/div>\n<\/div>\n<\/div>\n<div class=\"ProductSection__Section-sc-1efce97-0 tYgKx\">\n<div class=\"UContainer__StyledContainer-sc-63nakj-0 cShsgY\"><\/div>\n<\/div>\n<\/div>\n<\/div>\n<\/div>\n<div class=\"ProductSection__Section-sc-1efce97-0 iCNkot\">\n<div class=\"UContainer__StyledContainer-sc-63nakj-0 jkDzrc\">\n<div id=\"pdp-attribute\" class=\"UOffCanvasPanel__StyledRoot-sc-138g2ds-7 hZKysd\" role=\"tooltip\"><\/div>\n<\/div>\n<\/div>\n<\/div>\n<\/div>\n<\/div>\n<\/div>\n<div class=\"ProductSection__Section-sc-1efce97-0 iCNkot\">\n<div class=\"UContainer__StyledContainer-sc-63nakj-0 jkDzrc\">\n<div class=\"OProductFull__StoryblokRendererWrapper-sc-191gjdf-15 cohEBp\"><\/div>\n<\/div>\n<\/div>\n<div class=\"ProductSection__Section-sc-1efce97-0 iCNkot\">\n<div class=\"UContainer__StyledContainer-sc-63nakj-0 jkDzrc\">\n<div id=\"pdp-attribute\" class=\"UOffCanvasPanel__StyledRoot-sc-138g2ds-7 hZKysd\" role=\"tooltip\"><\/div>\n<\/div>\n<\/div>\n<\/div>\n<\/div>\n<\/section>\n<section class=\"bike-header\">\n<div class=\"container\">\n<div class=\"bike-header__tech-wrap\"><\/div>\n<\/div>\n<\/section>\n","protected":false},"excerpt":{"rendered":"<p>Le E-Explorer FS est un v\u00e9lo \u00e0 assistance \u00e9lectrique con\u00e7u pour un usage quotidien. Gr\u00e2ce \u00e0 sa polyvalence et \u00e0 son assistance progressive, se d\u00e9placer n&rsquo;a jamais \u00e9t\u00e9 aussi simple. Equip\u00e9 de garde-boue et d&rsquo;une suspension arri\u00e8re, l&rsquo;E-Explorer FS am\u00e9liore vos d\u00e9placements. La batterie enti\u00e8rement int\u00e9gr\u00e9e et le design rafra\u00eechi vous feront oublier qu&rsquo;il s&rsquo;agit [&hellip;]<\/p>\n","protected":false},"featured_media":5298,"template":"","meta":{"inline_featured_image":false},"product_cat":[34,125],"product_tag":[],"_links":{"self":[{"href":"https:\/\/esprit-cycles.com\/cogolin\/wp-json\/wp\/v2\/product\/5297"}],"collection":[{"href":"https:\/\/esprit-cycles.com\/cogolin\/wp-json\/wp\/v2\/product"}],"about":[{"href":"https:\/\/esprit-cycles.com\/cogolin\/wp-json\/wp\/v2\/types\/product"}],"wp:featuredmedia":[{"embeddable":true,"href":"https:\/\/esprit-cycles.com\/cogolin\/wp-json\/wp\/v2\/media\/5298"}],"wp:attachment":[{"href":"https:\/\/esprit-cycles.com\/cogolin\/wp-json\/wp\/v2\/media?parent=5297"}],"wp:term":[{"taxonomy":"product_cat","embeddable":true,"href":"https:\/\/esprit-cycles.com\/cogolin\/wp-json\/wp\/v2\/product_cat?post=5297"},{"taxonomy":"product_tag","embeddable":true,"href":"https:\/\/esprit-cycles.com\/cogolin\/wp-json\/wp\/v2\/product_tag?post=5297"}],"curies":[{"name":"wp","href":"https:\/\/api.w.org\/{rel}","templated":true}]}}